{"id":957,"date":"2023-09-27T22:28:34","date_gmt":"2023-09-27T20:28:34","guid":{"rendered":"https:\/\/www.d3solutions.de\/impressum\/"},"modified":"2024-04-20T18:01:27","modified_gmt":"2024-04-20T16:01:27","slug":"imprint","status":"publish","type":"page","link":"https:\/\/www.d3solutions.de\/en\/imprint\/","title":{"rendered":"Imprint"},"content":{"rendered":"<p>[et_pb_section fb_built=&#8221;1&#8243; fullwidth=&#8221;on&#8221; admin_label=&#8221;Hero&#8221; _builder_version=&#8221;4.22.2&#8243; background_image=&#8221;https:\/\/www.d3solutions.de\/wp-content\/uploads\/2023\/10\/fdm113_Details_of_a_Visualize_a_state-of-the-art_facility_where_57f9e152-a363-4052-a4a8-d40f24b192c4.png&#8221; parallax=&#8221;on&#8221; custom_padding=&#8221;0px|0|0px|0px|false|false&#8221; global_colors_info=&#8221;{}&#8221;][et_pb_fullwidth_header title=&#8221;Imprint&#8221; text_orientation=&#8221;center&#8221; logo_image_url=&#8221;https:\/\/www.d3solutions.de\/wp-content\/uploads\/2023\/04\/D3-Solutions-Logo-white.png&#8221; admin_label=&#8221;Fullwidth Header&#8221; _builder_version=&#8221;4.24.0&#8243; title_font=&#8221;Share-Tech lokal||||||||&#8221; title_text_align=&#8221;center&#8221; title_font_size=&#8221;80px&#8221; title_line_height=&#8221;1.2em&#8221; content_font=&#8221;Open Sans||||||||&#8221; content_text_align=&#8221;center&#8221; content_font_size=&#8221;18px&#8221; content_line_height=&#8221;1.8em&#8221; background_color=&#8221;rgba(0,0,0,0)&#8221; use_background_color_gradient=&#8221;on&#8221; background_color_gradient_direction=&#8221;140deg&#8221; background_color_gradient_stops=&#8221;rgba(0,72,114,0.9) 0%|rgba(41,17,96,0.8) 100%&#8221; background_color_gradient_start=&#8221;rgba(0,72,114,0.9)&#8221; background_color_gradient_end=&#8221;rgba(41,17,96,0.8)&#8221; parallax=&#8221;on&#8221; parallax_method=&#8221;on&#8221; custom_button_one=&#8221;on&#8221; button_one_text_size=&#8221;15px&#8221; button_one_bg_color=&#8221;#ffa727&#8243; button_one_border_width=&#8221;15px&#8221; button_one_border_color=&#8221;#ffa727&#8243; button_one_border_radius=&#8221;100px&#8221; button_one_letter_spacing=&#8221;5px&#8221; button_one_font=&#8221;Open Sans|700||on|||||&#8221; custom_margin=&#8221;|||&#8221; custom_padding=&#8221;3vw||3vw||true|&#8221; custom_padding_tablet=&#8221;100px||100px||true&#8221; custom_padding_phone=&#8221;|||&#8221; custom_padding_last_edited=&#8221;on|desktop&#8221; title_font_size_tablet=&#8221;60px&#8221; title_font_size_phone=&#8221;36px&#8221; title_font_size_last_edited=&#8221;on|phone&#8221; content_font_size_tablet=&#8221;&#8221; content_font_size_phone=&#8221;16px&#8221; content_font_size_last_edited=&#8221;on|phone&#8221; button_one_text_size_tablet=&#8221;&#8221; button_one_text_size_phone=&#8221;&#8221; button_one_text_size_last_edited=&#8221;on|desktop&#8221; button_one_border_color_hover=&#8221;#ff8a3d&#8221; button_one_border_radius_hover=&#8221;100px&#8221; button_one_letter_spacing_hover=&#8221;5px&#8221; button_one_bg_color_hover=&#8221;#ff8a3d&#8221; global_colors_info=&#8221;{}&#8221; button_one_text_size__hover_enabled=&#8221;off&#8221; button_two_text_size__hover_enabled=&#8221;off&#8221; button_one_text_color__hover_enabled=&#8221;off&#8221; button_two_text_color__hover_enabled=&#8221;off&#8221; button_one_border_width__hover_enabled=&#8221;off&#8221; button_two_border_width__hover_enabled=&#8221;off&#8221; button_one_border_color__hover_enabled=&#8221;on&#8221; button_one_border_color__hover=&#8221;#ff8a3d&#8221; button_two_border_color__hover_enabled=&#8221;off&#8221; button_one_border_radius__hover_enabled=&#8221;on&#8221; button_one_border_radius__hover=&#8221;100px&#8221; button_two_border_radius__hover_enabled=&#8221;off&#8221; button_one_letter_spacing__hover_enabled=&#8221;on&#8221; button_one_letter_spacing__hover=&#8221;5px&#8221; button_two_letter_spacing__hover_enabled=&#8221;off&#8221; button_one_bg_color__hover_enabled=&#8221;on&#8221; button_one_bg_color__hover=&#8221;#ff8a3d&#8221; button_two_bg_color__hover_enabled=&#8221;off&#8221;][\/et_pb_fullwidth_header][\/et_pb_section][et_pb_section fb_built=&#8221;1&#8243; admin_label=&#8221;section&#8221; _builder_version=&#8221;4.16&#8243; global_colors_info=&#8221;{}&#8221;][et_pb_row admin_label=&#8221;row&#8221; _builder_version=&#8221;4.16&#8243; background_size=&#8221;initial&#8221; background_position=&#8221;top_left&#8221; background_repeat=&#8221;repeat&#8221; global_colors_info=&#8221;{}&#8221;][et_pb_column type=&#8221;4_4&#8243; _builder_version=&#8221;4.16&#8243; custom_padding=&#8221;|||&#8221; global_colors_info=&#8221;{}&#8221; custom_padding__hover=&#8221;|||&#8221;][et_pb_text admin_label=&#8221;Text&#8221; _builder_version=&#8221;4.24.0&#8243; background_size=&#8221;initial&#8221; background_position=&#8221;top_left&#8221; background_repeat=&#8221;repeat&#8221; global_colors_info=&#8221;{}&#8221;]<\/p>\n<h1>Imprint<\/h1>\n<h2>Information pursuant to Sect. 5 German Telemedia Act (TMG)<\/h2>\n<p>D\u00b3-Solutions GmbH<br \/>Kastanienweg 3<br \/>72505 Krauchenwies<\/p>\n<p>Commercial Register: HRB738661<br \/>Registration court: Amtsgericht Ulm<\/p>\n<p><strong>Represented by:<\/strong><br \/>Dipl.-Ing. (BA) Gerd Beller<br \/>Stephanie Szilagyi<\/p>\n<h2>Contact<\/h2>\n<p>Phone: +49 7576 961350<br \/>E-mail: info@d3solutions.de<\/p>\n<h2>VAT ID<\/h2>\n<p>Sales tax identification number according to Sect. 27 a of the Sales Tax Law:<br \/>DE325450178<\/p>\n<h2>Person responsible for editorial<\/h2>\n<p>Dipl.-Ing. (BA) Gerd Beller<br \/>Stephanie Szilagyi<\/p>\n<h2>EU dispute resolution<\/h2>\n<p>The European Commission provides a platform for online dispute resolution (ODR): <a href=\"https:\/\/ec.europa.eu\/consumers\/odr\/\" target=\"_blank\" rel=\"noopener noreferrer\">https:\/\/ec.europa.eu\/consumers\/odr\/<\/a>.<br \/>Our e-mail address can be found above in the site notice.<\/p>\n<h2>Dispute resolution proceedings in front of a consumer arbitration board<\/h2>\n<p>We are not willing or obliged to participate in dispute resolution proceedings in front of a consumer arbitration board.<\/p>\n<p>&nbsp;<\/p>\n<p>&nbsp;<\/p>\n<p><strong>Gender note<\/strong><\/p>\n<p>In order to simplify reading, we refrain from using spellings such as &#8220;participants&#8221; etc. and use the masculine form. Unless otherwise stated, all genders are of course always addressed.<\/p>\n<p>&nbsp;<\/p>\n<p><strong>Image licenses:<\/strong><\/p>\n<p>Homepage:<\/p>\n<ul>\n<li>Header: J\u00f6rg Schumacher<\/li>\n<li>Other images: D\u00b3-Solutions<\/li>\n<\/ul>\n<p>Case Study:<\/p>\n<ul>\n<li>Header: J\u00f6rg Schumacher<\/li>\n<\/ul>\n<p>Remaining images: D\u00b3-Solutions<\/p>\n<p>Contact\/imprint\/data protection declaration:<\/p>\n<ul>\n<li>Header: J\u00f6rg Schumacher<\/li>\n<\/ul>\n<p>[\/et_pb_text][\/et_pb_column][\/et_pb_row][\/et_pb_section]<\/p>\n","protected":false},"excerpt":{"rendered":"<p>[et_pb_section fb_built=&#8221;1&#8243; fullwidth=&#8221;on&#8221; admin_label=&#8221;Hero&#8221; _builder_version=&#8221;4.22.2&#8243; background_image=&#8221;https:\/\/www.d3solutions.de\/wp-content\/uploads\/2023\/10\/fdm113_Details_of_a_Visualize_a_state-of-the-art_facility_where_57f9e152-a363-4052-a4a8-d40f24b192c4.png&#8221; parallax=&#8221;on&#8221; custom_padding=&#8221;0px|0|0px|0px|false|false&#8221; global_colors_info=&#8221;{}&#8221;][et_pb_fullwidth_header title=&#8221;Imprint&#8221; text_orientation=&#8221;center&#8221; logo_image_url=&#8221;https:\/\/www.d3solutions.de\/wp-content\/uploads\/2023\/04\/D3-Solutions-Logo-white.png&#8221; admin_label=&#8221;Fullwidth Header&#8221; _builder_version=&#8221;4.24.0&#8243; title_font=&#8221;Share-Tech lokal||||||||&#8221; title_text_align=&#8221;center&#8221; title_font_size=&#8221;80px&#8221; title_line_height=&#8221;1.2em&#8221; content_font=&#8221;Open Sans||||||||&#8221; content_text_align=&#8221;center&#8221; content_font_size=&#8221;18px&#8221; content_line_height=&#8221;1.8em&#8221; background_color=&#8221;rgba(0,0,0,0)&#8221; use_background_color_gradient=&#8221;on&#8221; background_color_gradient_direction=&#8221;140deg&#8221; background_color_gradient_stops=&#8221;rgba(0,72,114,0.9) 0%|rgba(41,17,96,0.8) 100%&#8221; background_color_gradient_start=&#8221;rgba(0,72,114,0.9)&#8221; background_color_gradient_end=&#8221;rgba(41,17,96,0.8)&#8221; parallax=&#8221;on&#8221; parallax_method=&#8221;on&#8221; custom_button_one=&#8221;on&#8221; button_one_text_size=&#8221;15px&#8221; button_one_bg_color=&#8221;#ffa727&#8243; button_one_border_width=&#8221;15px&#8221; button_one_border_color=&#8221;#ffa727&#8243; button_one_border_radius=&#8221;100px&#8221; button_one_letter_spacing=&#8221;5px&#8221; button_one_font=&#8221;Open Sans|700||on|||||&#8221; custom_margin=&#8221;|||&#8221; custom_padding=&#8221;3vw||3vw||true|&#8221; custom_padding_tablet=&#8221;100px||100px||true&#8221; custom_padding_phone=&#8221;|||&#8221; custom_padding_last_edited=&#8221;on|desktop&#8221; title_font_size_tablet=&#8221;60px&#8221; title_font_size_phone=&#8221;36px&#8221; title_font_size_last_edited=&#8221;on|phone&#8221; content_font_size_tablet=&#8221;&#8221; content_font_size_phone=&#8221;16px&#8221; content_font_size_last_edited=&#8221;on|phone&#8221; [&hellip;]<\/p>\n","protected":false},"author":1,"featured_media":0,"parent":0,"menu_order":0,"comment_status":"closed","ping_status":"closed","template":"","meta":{"_et_pb_use_builder":"off","_et_pb_old_content":"<p><strong>Verantwortlich:<\/strong><\/p><p>D\u00b3-Solutions GmbH<br \/>Kastanienweg 3<br \/>72505 Krauchenwies<\/p><p>Dipl.-Ing. (BA) Gerd Beller, Stephanie Szilagyi<\/p><p>Fon: +49 75 76 \/ 96 13 50<br \/>Email: info@d3solutions.de<\/p><p>\u00a0<\/p><p>Registergericht: Amtsgericht Ulm<br \/>Registernummer: HRB 738661<\/p><p>Umsatzsteuer-ID: DE325450178<\/p><p>\u00a0<\/p><p><strong>Gender-Hinweis:<\/strong><br \/>Um das Lesen zu vereinfachen, verzichten wir auf Schreibweisen wie \"Teilnehmer\/innen\" usw. und verwenden die m\u00e4nnliche Form. Wenn nicht anders angegeben, sind selbstverst\u00e4ndlich stets alle Geschlechter angesprochen.<\/p><p>\u00a0<\/p><p><strong>Online-Streitbeilegung gem. Art. 14 Abs. 1 ODR-VO<\/strong><\/p><p>Die Europ\u00e4ische Kommision stellt eine Plattform zur Online-Streitbeilegung (OS) bereit, die Sie unter http:\/\/ec.europa.eu\/consumers\/odr\/ finden. Zur Teilnahme an einem Streitbeilegungsverfahren vor einer Verbraucherschlichtungsstelle sind wir nicht verpflichtet und werden wir nicht teilnehmen.<\/p><p><strong>Haftung<\/strong><br \/>Alle Dokumente und Dateien, die Sie im Internetangebot finden, wurden von uns mit gr\u00f6\u00dftm\u00f6glicher Sorgfalt erstellt. Wir bitten um Ihr Verst\u00e4ndnis, dass wir dennoch f\u00fcr die Richtigkeit und Vollst\u00e4ndigkeit der in dem Angebot hinterlegten Informationen keine Gew\u00e4hr \u00fcbernehmen k\u00f6nnen. Wir schlie\u00dfen die Haftung f\u00fcr Sch\u00e4den aus, die sich direkt oder indirekt aus der Verwendung der Website und der darin enthaltenen Informationen ergeben k\u00f6nnen. Hiervon ausgenommen ist die Haftung f\u00fcr Vorsatz oder grobe Fahrl\u00e4ssigkeit.<br \/>Wir \u00fcbernehmen ferner keine Haftung f\u00fcr die Inhalte anderer Websites, die Sie \u00fcber Hyperlinks vom Angebot der D\u00b3-Solutions GmbH aus besuchen k\u00f6nnen. Hierbei handelt es sich um fremde Angebote, auf deren inhaltliche Gestaltung die D\u00b3-Solutions GmbH keinen Einfluss hat. Diese Hyperlinks sind eine Serviceleistung der D\u00b3-Solutions GmbH. Die D\u00b3-Solutions GmbH ist f\u00fcr die Inhalte jedoch nicht verantwortlich.<br \/>Sollten Sie Kenntnis von rechtswidrigen Inhalten von Websites anderer Anbieter erhalten, die Sie \u00fcber unser Angebot per Hyperlink besuchen k\u00f6nnen, bitten wir um einen Hinweis, damit wir den Verweis auf das entsprechende Angebot aufheben k\u00f6nnen.<br \/>Sollten Sie weitere Fragen zur Haftung haben, k\u00f6nnen Sie sich gerne an uns wenden.<\/p><p>\u00a0<\/p><p>\u00a0<\/p><p>\u00a0<\/p>","_et_gb_content_width":"","footnotes":""},"class_list":["post-957","page","type-page","status-publish","hentry"],"_links":{"self":[{"href":"https:\/\/www.d3solutions.de\/en\/wp-json\/wp\/v2\/pages\/957","targetHints":{"allow":["GET"]}}],"collection":[{"href":"https:\/\/www.d3solutions.de\/en\/wp-json\/wp\/v2\/pages"}],"about":[{"href":"https:\/\/www.d3solutions.de\/en\/wp-json\/wp\/v2\/types\/page"}],"author":[{"embeddable":true,"href":"https:\/\/www.d3solutions.de\/en\/wp-json\/wp\/v2\/users\/1"}],"replies":[{"embeddable":true,"href":"https:\/\/www.d3solutions.de\/en\/wp-json\/wp\/v2\/comments?post=957"}],"version-history":[{"count":9,"href":"https:\/\/www.d3solutions.de\/en\/wp-json\/wp\/v2\/pages\/957\/revisions"}],"predecessor-version":[{"id":1177,"href":"https:\/\/www.d3solutions.de\/en\/wp-json\/wp\/v2\/pages\/957\/revisions\/1177"}],"wp:attachment":[{"href":"https:\/\/www.d3solutions.de\/en\/wp-json\/wp\/v2\/media?parent=957"}],"curies":[{"name":"wp","href":"https:\/\/api.w.org\/{rel}","templated":true}]}}